{"id":8,"date":"2026-02-25T21:44:05","date_gmt":"2026-02-25T21:44:05","guid":{"rendered":"https:\/\/www.narinteriordesign.ca\/about\/"},"modified":"2026-02-28T01:51:29","modified_gmt":"2026-02-28T01:51:29","slug":"about","status":"publish","type":"page","link":"https:\/\/www.narinteriordesign.ca\/tr\/about\/","title":{"rendered":"Hakk\u0131nda"},"content":{"rendered":"<div data-elementor-type=\"wp-post\" data-elementor-id=\"8\" class=\"elementor elementor-8\">\n\t\t\t\t<div class=\"elementor-element elementor-element-dc51d6c e-flex e-con-boxed e-con e-parent\" data-id=\"dc51d6c\" data-element_type=\"container\" data-e-type=\"container\" data-settings=\"{&quot;background_background&quot;:&quot;classic&quot;}\">\n\t\t\t\t\t<div class=\"e-con-inner\">\n\t\t\t\t<div class=\"elementor-element elementor-element-e81ffbc elementor-widget__width-initial elementor-widget elementor-widget-heading\" data-id=\"e81ffbc\" data-element_type=\"widget\" data-e-type=\"widget\" data-widget_type=\"heading.default\">\n\t\t\t\t\t<h3 class=\"elementor-heading-title elementor-size-default\">Firmam\u0131z<\/h3>\t\t\t\t<\/div>\n\t\t\t\t<div class=\"elementor-element elementor-element-cb1da92 elementor-widget__width-initial elementor-widget elementor-widget-heading\" data-id=\"cb1da92\" data-element_type=\"widget\" data-e-type=\"widget\" data-widget_type=\"heading.default\">\n\t\t\t\t\t<h4 class=\"elementor-heading-title elementor-size-default\">Firmam\u0131z, Mississauga\u2019daki Square One yak\u0131nlar\u0131nda konumlanm\u0131\u015ft\u0131r ve i\u00e7 tasar\u0131m ile peyzaj mimarisi alan\u0131nda ki\u015fiye \u00f6zel \u00e7\u00f6z\u00fcmler sunmaktad\u0131r. Her projeyi, ya\u015fam tarz\u0131n\u0131za ve mek\u00e2n\u0131n potansiyeline uygun \u015fekilde tasarl\u0131yor; i\u00e7 ve d\u0131\u015f alanlar i\u00e7in i\u015flevsel, estetik ve zamans\u0131z tasar\u0131mlar yarat\u0131yoruz.\n\nM\u00fc\u015fterilerimizle ba\u015ftan sona yak\u0131n i\u015f birli\u011fi i\u00e7inde \u00e7al\u0131\u015farak, mek\u00e2nlar\u0131n\u0131za de\u011fer katan ve ya\u015fam kalitenizi art\u0131ran tasar\u0131mlar sunuyoruz.<\/h4>\t\t\t\t<\/div>\n\t\t\t\t\t<\/div>\n\t\t\t\t<\/div>\n\t\t<div class=\"elementor-element elementor-element-5e5b1dc e-flex e-con-boxed e-con e-parent\" data-id=\"5e5b1dc\" data-element_type=\"container\" data-e-type=\"container\">\n\t\t\t\t\t<div class=\"e-con-inner\">\n\t\t<div class=\"elementor-element elementor-element-7387885 e-con-full e-flex e-con e-child\" data-id=\"7387885\" data-element_type=\"container\" data-e-type=\"container\">\n\t\t<div class=\"elementor-element elementor-element-14934c7 e-flex e-con-boxed e-con e-child\" data-id=\"14934c7\" data-element_type=\"container\" data-e-type=\"container\">\n\t\t\t\t\t<div class=\"e-con-inner\">\n\t\t<div class=\"elementor-element elementor-element-79773a3 e-con-full e-flex e-con e-child\" data-id=\"79773a3\" data-element_type=\"container\" data-e-type=\"container\">\n\t\t\t\t<div class=\"elementor-element elementor-element-9fc08de elementor-widget elementor-widget-heading\" data-id=\"9fc08de\" data-element_type=\"widget\" data-e-type=\"widget\" data-widget_type=\"heading.default\">\n\t\t\t\t\t<h3 class=\"elementor-heading-title elementor-size-default\">Merhaba! Ben Bernis Nar, 5 y\u0131ll\u0131k deneyime sahip bir \u0130\u00e7 Mimar\u0131m.<\/h3>\t\t\t\t<\/div>\n\t\t\t\t<\/div>\n\t\t<div class=\"elementor-element elementor-element-aa79c84 e-con-full e-flex e-con e-child\" data-id=\"aa79c84\" data-element_type=\"container\" data-e-type=\"container\">\n\t\t\t\t<div class=\"elementor-element elementor-element-14f3137 elementor-widget__width-initial elementor-widget elementor-widget-text-editor\" data-id=\"14f3137\" data-element_type=\"widget\" data-e-type=\"widget\" data-widget_type=\"text-editor.default\">\n\t\t\t\t\t\t\t\t\t<p>Detaylara olan titiz bak\u0131\u015f a\u00e7\u0131m ve i\u015flevselli\u011fi zarafetle birle\u015ftiren mek\u00e2nlar yaratma tutkumla, her i\u00e7 mekan\u0131 benzersiz bir deneyime d\u00f6n\u00fc\u015ft\u00fcr\u00fcyorum. Hem Kanada hem de T\u00fcrkiye\u2019de aktif olarak \u00e7al\u0131\u015f\u0131yor, her mek\u00e2na k\u00fcresel bir bak\u0131\u015f a\u00e7\u0131s\u0131n\u0131 yerel duyarl\u0131l\u0131kla harmanlayarak yakla\u015f\u0131yorum. Modern minimalizmden s\u0131cak ve karakter dolu ortamlara kadar \u00e7al\u0131\u015fmalar\u0131m, stil, konfor ve yenili\u011fin m\u00fckemmel dengesini yans\u0131t\u0131yor.\n\nBeni se\u00e7mek, vizyonunuzu hayata ge\u00e7irmek i\u00e7in adanm\u0131\u015f, g\u00fcvenilir ve profesyonel bir i\u00e7 mimarla \u00e7al\u0131\u015fmak demektir\u2014mek\u00e2n\u0131n\u0131z\u0131 sadece g\u00fczel de\u011fil, ger\u00e7ekten unutulmaz k\u0131lmak i\u00e7in.<\/p>\t\t\t\t\t\t\t\t<\/div>\n\t\t<div class=\"elementor-element elementor-element-aae9f44 e-con-full e-flex e-con e-child\" data-id=\"aae9f44\" data-element_type=\"container\" data-e-type=\"container\">\n\t\t\t\t<div class=\"elementor-element elementor-element-acbb242 elementor-widget__width-auto elementor-widget elementor-widget-counter\" data-id=\"acbb242\" data-element_type=\"widget\" data-e-type=\"widget\" data-widget_type=\"counter.default\">\n\t\t\t\t\t\t\t<div class=\"elementor-counter\">\n\t\t\t<div class=\"elementor-counter-title\">Projeler<\/div>\t\t\t<div class=\"elementor-counter-number-wrapper\">\n\t\t\t\t<span class=\"elementor-counter-number-prefix\"><\/span>\n\t\t\t\t<span class=\"elementor-counter-number\" data-duration=\"2000\" data-to-value=\"250\" data-from-value=\"0\" data-delimiter=\",\">0<\/span>\n\t\t\t\t<span class=\"elementor-counter-number-suffix\">+<\/span>\n\t\t\t<\/div>\n\t\t<\/div>\n\t\t\t\t\t\t<\/div>\n\t\t\t\t<div class=\"elementor-element elementor-element-e3923ab elementor-widget__width-auto elementor-widget elementor-widget-counter\" data-id=\"e3923ab\" data-element_type=\"widget\" data-e-type=\"widget\" data-widget_type=\"counter.default\">\n\t\t\t\t\t\t\t<div class=\"elementor-counter\">\n\t\t\t<div class=\"elementor-counter-title\">100+ Mutlu M\u00fc\u015fteri<\/div>\t\t\t<div class=\"elementor-counter-number-wrapper\">\n\t\t\t\t<span class=\"elementor-counter-number-prefix\"><\/span>\n\t\t\t\t<span class=\"elementor-counter-number\" data-duration=\"2000\" data-to-value=\"100\" data-from-value=\"0\" data-delimiter=\",\">0<\/span>\n\t\t\t\t<span class=\"elementor-counter-number-suffix\">+<\/span>\n\t\t\t<\/div>\n\t\t<\/div>\n\t\t\t\t\t\t<\/div>\n\t\t\t\t<\/div>\n\t\t\t\t<\/div>\n\t\t\t\t\t<\/div>\n\t\t\t\t<\/div>\n\t\t\t\t<\/div>\n\t\t\t\t\t<\/div>\n\t\t\t\t<\/div>\n\t\t<div class=\"elementor-element elementor-element-4617682 e-flex e-con-boxed e-con e-parent\" data-id=\"4617682\" data-element_type=\"container\" data-e-type=\"container\" data-settings=\"{&quot;background_background&quot;:&quot;classic&quot;}\">\n\t\t\t\t\t<div class=\"e-con-inner\">\n\t\t<div class=\"elementor-element elementor-element-72d9c1a e-con-full e-flex e-con e-child\" data-id=\"72d9c1a\" data-element_type=\"container\" data-e-type=\"container\">\n\t\t\t\t<div class=\"elementor-element elementor-element-7bac6a9 elementor-widget elementor-widget-heading\" data-id=\"7bac6a9\" data-element_type=\"widget\" data-e-type=\"widget\" data-widget_type=\"heading.default\">\n\t\t\t\t\t<h3 class=\"elementor-heading-title elementor-size-default\">Detaylara B\u00fcy\u00fck \u00d6zen<\/h3>\t\t\t\t<\/div>\n\t\t\t\t<div class=\"elementor-element elementor-element-4ae2048 elementor-widget elementor-widget-heading\" data-id=\"4ae2048\" data-element_type=\"widget\" data-e-type=\"widget\" data-widget_type=\"heading.default\">\n\t\t\t\t\t<h5 class=\"elementor-heading-title elementor-size-default\">Her evin i\u00e7 tasar\u0131m\u0131nda yenilikler yarat\u0131r ve yeni olanaklar sunar\u0131m.<\/h5>\t\t\t\t<\/div>\n\t\t\t\t<div class=\"elementor-element elementor-element-98136f5 elementor-widget__width-initial elementor-widget elementor-widget-text-editor\" data-id=\"98136f5\" data-element_type=\"widget\" data-e-type=\"widget\" data-widget_type=\"text-editor.default\">\n\t\t\t\t\t\t\t\t\t<p>Her evin i\u00e7 tasar\u0131m\u0131nda yenilikler yarat\u0131r ve yeni olanaklar sunar\u0131m; her mek\u00e2n\u0131, sakinlerinin benzersiz ya\u015fam tarz\u0131n\u0131, ki\u015fili\u011fini ve ihtiya\u00e7lar\u0131n\u0131 yans\u0131tacak \u015fekilde \u00f6zenle tasarlar\u0131m. \u0130\u015flevselli\u011fi estetikle birle\u015ftirerek, s\u0131radan odalar\u0131 zamans\u0131z ve ilham verici ya\u015fam alanlar\u0131na d\u00f6n\u00fc\u015ft\u00fcr\u00fcr\u00fcm. Yakla\u015f\u0131m\u0131m, yerle\u015fim d\u00fczeninden malzeme ve y\u00fczey se\u00e7imlerine kadar her detay\u0131n uyumlu ve ki\u015fiselle\u015ftirilmi\u015f bir deneyime katk\u0131da bulunmas\u0131n\u0131 sa\u011flar; b\u00f6ylece her ev sadece g\u00fczel de\u011fil, ayn\u0131 zamanda ger\u00e7ekten ya\u015fanabilir olur.<\/p>\t\t\t\t\t\t\t\t<\/div>\n\t\t<div class=\"elementor-element elementor-element-73503f4 e-flex e-con-boxed e-con e-child\" data-id=\"73503f4\" data-element_type=\"container\" data-e-type=\"container\">\n\t\t\t\t\t<div class=\"e-con-inner\">\n\t\t<div class=\"elementor-element elementor-element-45baad5 e-con-full e-flex e-con e-child\" data-id=\"45baad5\" data-element_type=\"container\" data-e-type=\"container\">\n\t\t\t\t<div class=\"elementor-element elementor-element-9198374 elementor-widget elementor-widget-image\" data-id=\"9198374\" data-element_type=\"widget\" data-e-type=\"widget\" data-widget_type=\"image.default\">\n\t\t\t\t\t\t\t\t\t\t\t\t\t\t\t<img decoding=\"async\" src=\"https:\/\/www.narinteriordesign.ca\/wp-content\/uploads\/2025\/12\/pexels-photo-6620948-6620948.jpg\" title=\"pexels-photo-6620948-6620948\" alt=\"Top view of wooden tray with bath bomb and burning candle placed near salt and flowers on tub with lemon slices on water\" loading=\"lazy\" \/>\t\t\t\t\t\t\t\t\t\t\t\t\t\t\t<\/div>\n\t\t\t\t<\/div>\n\t\t<div class=\"elementor-element elementor-element-105f098 e-con-full e-flex e-con e-child\" data-id=\"105f098\" data-element_type=\"container\" data-e-type=\"container\">\n\t\t\t\t<div class=\"elementor-element elementor-element-f21e90e elementor-widget elementor-widget-image\" data-id=\"f21e90e\" data-element_type=\"widget\" data-e-type=\"widget\" data-widget_type=\"image.default\">\n\t\t\t\t\t\t\t\t\t\t\t\t\t\t\t<img decoding=\"async\" src=\"https:\/\/www.narinteriordesign.ca\/wp-content\/uploads\/2025\/12\/pexels-photo-6634886-6634886.jpg\" title=\"pexels-photo-6634886-6634886\" alt=\"A stylish white bathtub in a minimalist bathroom with natural lighting and houseplants.\" loading=\"lazy\" \/>\t\t\t\t\t\t\t\t\t\t\t\t\t\t\t<\/div>\n\t\t\t\t<\/div>\n\t\t<div class=\"elementor-element elementor-element-06aa71c e-con-full e-flex e-con e-child\" data-id=\"06aa71c\" data-element_type=\"container\" data-e-type=\"container\">\n\t\t\t\t<div class=\"elementor-element elementor-element-126c512 elementor-widget elementor-widget-image\" data-id=\"126c512\" data-element_type=\"widget\" data-e-type=\"widget\" data-widget_type=\"image.default\">\n\t\t\t\t\t\t\t\t\t\t\t\t\t\t\t<img decoding=\"async\" src=\"https:\/\/www.narinteriordesign.ca\/wp-content\/uploads\/2025\/12\/pexels-photo-4207791-4207791.jpg\" title=\"pexels-photo-4207791-4207791\" alt=\"Elegant minimalist bookshelf decor featuring a stylish vase with dried leaves and neatly arranged books.\" loading=\"lazy\" \/>\t\t\t\t\t\t\t\t\t\t\t\t\t\t\t<\/div>\n\t\t\t\t<\/div>\n\t\t\t\t\t<\/div>\n\t\t\t\t<\/div>\n\t\t\t\t<\/div>\n\t\t\t\t\t<\/div>\n\t\t\t\t<\/div>\n\t\t\t\t<\/div>","protected":false},"excerpt":{"rendered":"<p>Our Firm Our firm, located near Square One in Mississauga, offers personalized solutions in interior design andlandscape architecture. We design each project to suit your lifestyle and the potential of the space,creating functional, aesthetic, and timeless designs for both interiors and outdoor areas. By working closely with our clients from start to finish, we deliver [&hellip;]<\/p>\n","protected":false},"author":1,"featured_media":0,"parent":0,"menu_order":0,"comment_status":"closed","ping_status":"closed","template":"","meta":{"site-sidebar-layout":"no-sidebar","site-content-layout":"page-builder","ast-site-content-layout":"default","site-content-style":"default","site-sidebar-style":"default","ast-global-header-display":"","ast-banner-title-visibility":"","ast-main-header-display":"","ast-hfb-above-header-display":"","ast-hfb-below-header-display":"","ast-hfb-mobile-header-display":"","site-post-title":"disabled","ast-breadcrumbs-content":"","ast-featured-img":"disabled","footer-sml-layout":"","ast-disable-related-posts":"","theme-transparent-header-meta":"enabled","adv-header-id-meta":"","stick-header-meta":"","header-above-stick-meta":"","header-main-stick-meta":"","header-below-stick-meta":"","astra-migrate-meta-layouts":"default","ast-page-background-enabled":"default","ast-page-background-meta":{"desktop":{"background-color":"","background-image":"","background-repeat":"repeat","background-position":"center center","background-size":"auto","background-attachment":"scroll","background-type":"","background-media":"","overlay-type":"","overlay-color":"","overlay-opacity":"","overlay-gradient":""},"tablet":{"background-color":"","background-image":"","background-repeat":"repeat","background-position":"center center","background-size":"auto","background-attachment":"scroll","background-type":"","background-media":"","overlay-type":"","overlay-color":"","overlay-opacity":"","overlay-gradient":""},"mobile":{"background-color":"","background-image":"","background-repeat":"repeat","background-position":"center center","background-size":"auto","background-attachment":"scroll","background-type":"","background-media":"","overlay-type":"","overlay-color":"","overlay-opacity":"","overlay-gradient":""}},"ast-content-background-meta":{"desktop":{"background-color":"var(--ast-global-color-4)","background-image":"","background-repeat":"repeat","background-position":"center center","background-size":"auto","background-attachment":"scroll","background-type":"","background-media":"","overlay-type":"","overlay-color":"","overlay-opacity":"","overlay-gradient":""},"tablet":{"background-color":"var(--ast-global-color-4)","background-image":"","background-repeat":"repeat","background-position":"center center","background-size":"auto","background-attachment":"scroll","background-type":"","background-media":"","overlay-type":"","overlay-color":"","overlay-opacity":"","overlay-gradient":""},"mobile":{"background-color":"var(--ast-global-color-4)","background-image":"","background-repeat":"repeat","background-position":"center center","background-size":"auto","background-attachment":"scroll","background-type":"","background-media":"","overlay-type":"","overlay-color":"","overlay-opacity":"","overlay-gradient":""}},"footnotes":""},"class_list":["post-8","page","type-page","status-publish","hentry"],"_links":{"self":[{"href":"https:\/\/www.narinteriordesign.ca\/tr\/wp-json\/wp\/v2\/pages\/8","targetHints":{"allow":["GET"]}}],"collection":[{"href":"https:\/\/www.narinteriordesign.ca\/tr\/wp-json\/wp\/v2\/pages"}],"about":[{"href":"https:\/\/www.narinteriordesign.ca\/tr\/wp-json\/wp\/v2\/types\/page"}],"author":[{"embeddable":true,"href":"https:\/\/www.narinteriordesign.ca\/tr\/wp-json\/wp\/v2\/users\/1"}],"replies":[{"embeddable":true,"href":"https:\/\/www.narinteriordesign.ca\/tr\/wp-json\/wp\/v2\/comments?post=8"}],"version-history":[{"count":0,"href":"https:\/\/www.narinteriordesign.ca\/tr\/wp-json\/wp\/v2\/pages\/8\/revisions"}],"wp:attachment":[{"href":"https:\/\/www.narinteriordesign.ca\/tr\/wp-json\/wp\/v2\/media?parent=8"}],"curies":[{"name":"wp","href":"https:\/\/api.w.org\/{rel}","templated":true}]}}